{"id":178,"date":"2025-06-20T11:33:07","date_gmt":"2025-06-20T11:33:07","guid":{"rendered":"https:\/\/forestgreen-seal-943430.hostingersite.com\/?page_id=178"},"modified":"2025-06-20T11:35:03","modified_gmt":"2025-06-20T11:35:03","slug":"accesibilidad","status":"publish","type":"page","link":"https:\/\/mrnasesoriadeseguros.com\/index.php\/accesibilidad\/","title":{"rendered":"Accesibilidad"},"content":{"rendered":"\t\t<div data-elementor-type=\"wp-page\" data-elementor-id=\"178\" class=\"elementor elementor-178\" data-elementor-settings=\"{&quot;ha_cmc_init_switcher&quot;:&quot;no&quot;}\" data-elementor-post-type=\"page\">\n\t\t\t\t<div class=\"elementor-element elementor-element-13e54f9 e-flex e-con-boxed e-con e-parent\" data-id=\"13e54f9\" data-element_type=\"container\" data-settings=\"{&quot;background_background&quot;:&quot;classic&quot;,&quot;_ha_eqh_enable&quot;:false}\">\n\t\t\t\t\t<div class=\"e-con-inner\">\n\t\t\t\t<div class=\"elementor-element elementor-element-f873e1a elementor-widget__width-initial elementor-widget-mobile__width-inherit elementor-invisible elementor-widget elementor-widget-heading\" data-id=\"f873e1a\" data-element_type=\"widget\" data-settings=\"{&quot;_animation&quot;:&quot;fadeInUp&quot;}\" data-widget_type=\"heading.default\">\n\t\t\t\t<div class=\"elementor-widget-container\">\n\t\t\t\t\t<h2 class=\"elementor-heading-title elementor-size-default\">ACCESIBILIDAD<\/h2>\t\t\t\t<\/div>\n\t\t\t\t<\/div>\n\t\t\t\t<div class=\"elementor-element elementor-element-1e9a2e9 elementor-widget__width-initial elementor-widget-mobile__width-inherit elementor-invisible elementor-widget elementor-widget-text-editor\" data-id=\"1e9a2e9\" data-element_type=\"widget\" data-settings=\"{&quot;_animation&quot;:&quot;fadeInUp&quot;}\" data-widget_type=\"text-editor.default\">\n\t\t\t\t<div class=\"elementor-widget-container\">\n\t\t\t\t\t\t\t\t\t<p><strong>JAVIER MERINO S\u00c1NCHEZ<\/strong>, empresa gestora de la marca \u00abDecovega\u00bb se ha comprometido a hacer accesible su sitio web de conformidad con el Real Decreto 1112\/2018, de 7 de septiembre, sobre accesibilidad de los sitios web y aplicaciones para dispositivos m\u00f3viles del sector p\u00fablico, o desarrollos financiados desde Europa.La presente declaraci\u00f3n de accesibilidad se aplica al sitio web excluyendo los contenidos incrustados provenientes de otros dominios.\u00a0<a href=\"https:\/\/forestgreen-seal-943430.hostingersite.com\/\">https:\/\/forestgreen-seal-943430.hostingersite.com\/<\/a><\/p><p><strong>Situaci\u00f3n de cumplimiento<\/strong><\/p><p>Este sitio web es <strong>parcialmente conforme<\/strong> con el <a href=\"https:\/\/www.boe.es\/diario_boe\/txt.php?id=BOE-A-2018-12699\">RD 1112\/2018<\/a> debido a la debido a las excepciones y a la falta de conformidad de los aspectos que se indican a continuaci\u00f3n.<\/p><p><strong>Contenido no accesible<\/strong><\/p><p>El contenido que se recoge a continuaci\u00f3n no es accesible por los siguientes motivos:<\/p><ul class=\"wp-block-list\"><li><strong>Falta de conformidad con el RD 1112\/2018:<\/strong><ul class=\"wp-block-list\"><li>En el portal pueden existir contenidos en otros idiomas en los que no est\u00e1 etiquetado correctamente el cambio de idioma\u00a0<\/li><li>Los elementos multimedia solo audio no tienen alternativa\u00a0<\/li><li>Existen v\u00eddeos sin subt\u00edtulos\u00a0<\/li><li>Hay contenido textual sin un contraste suficiente\u00a0<\/li><li>Se observa como en algunos casos el foco no cumple con el m\u00ednimo ratio de contraste requerido\u00a0<\/li><li>En alg\u00fan caso puede producirse solapamiento de contenido\u00a0<\/li><li>Existen documentos PDF con problemas de accesibilidad\u00a0<\/li><\/ul><\/li><li><strong>Carga desproporcionada:<\/strong>\u00a0<\/li><\/ul><p>\u00a0 \u00a0 \u00a0 \u00a0 \u00a0 No aplica.<\/p><ul class=\"wp-block-list\"><li><strong>Contenido no entra dentro del \u00e1mbito de la legislaci\u00f3n aplicable:<\/strong>\u00a0<\/li><\/ul><p>\u00a0 \u00a0 \u00a0 \u00a0 \u00a0 Pueden existir documentos en formato\u00a0PDF\u00a0publicados antes del 20 de septiembre de 2018 que no cumplan en su totalidad todos los requisitos de accesibilidad.<\/p><p><strong>Preparaci\u00f3n de la presente declaraci\u00f3n de accesibilidad<\/strong><\/p><p>La presente declaraci\u00f3n fue preparada el 10 de agosto de 2024.<\/p><p>El m\u00e9todo empleado para la presente declaraci\u00f3n ha sido una autoevaluaci\u00f3n realizada por la propia empresa con el soporte de la <a href=\"https:\/\/herramienta-ira.administracionelectronica.gob.es\/#!\/\">Herramienta IRA (Informe de Revisi\u00f3n de Accesibilidad)<\/a> del Observatorio de Accesibilidad.<\/p><p>\u00daltima revisi\u00f3n de la declaraci\u00f3n: 18 de noviembre de 2024.<\/p><p><strong>Observaciones y datos de contacto<\/strong><\/p><p><strong>Comunicaciones sobre requisitos de accesibilidad<\/strong><\/p><p>Puede realizar\u00a0comunicaciones\u00a0sobre requisitos de accesibilidad (art\u00edculo 10.2.a del RD 1112\/2018) como, por ejemplo:<\/p><ul class=\"wp-block-list\"><li>informar sobre cualquier posible incumplimiento por parte de este sitio web.\u00a0<\/li><li>transmitir otras\u00a0dificultades de acceso\u00a0al contenido.\u00a0<\/li><li>formular cualquier otra\u00a0consulta o sugerencia de mejora\u00a0relativa a la accesibilidad del sitio web.\u00a0<\/li><\/ul><p>a trav\u00e9s del <a href=\"https:\/\/sedeagpd.gob.es\/sede-electronica-web\/vistas\/formQuejasSugerencias\/formRequisitosAccesibilidad.jsf\">formulario de contacto sobre requisitos de accesibilidad<\/a> designado a tal efecto en la sede electr\u00f3nica de la Agencia.<\/p><p>Las comunicaciones ser\u00e1n recibidas y tratadas por la Unidad Responsable de Accesibilidad de la Subdirecci\u00f3n General de Promoci\u00f3n y Autorizaciones.<\/p><p><strong>Solicitudes de informaci\u00f3n accesible y quejas<\/strong><\/p><p>A trav\u00e9s del\u00a0<a href=\"https:\/\/sedeagpd.gob.es\/sede-electronica-web\/vistas\/formQuejasSugerencias\/accesible_quejas.jsf\">formulario de solicitudes de informaci\u00f3n accesible y de quejas en materia de quejas de accesibilidad<\/a>\u00a0puede presentar:<\/p><ul class=\"wp-block-list\"><li>una Queja relativa al cumplimiento de los requisitos del RD 1112\/2018 o\u00a0<\/li><li>una Solicitud de Informaci\u00f3n accesible relativa a:<ul class=\"wp-block-list\"><li>contenidos que est\u00e1n excluidos del \u00e1mbito de aplicaci\u00f3n del RD 1112\/2018 seg\u00fan lo establecido por el art\u00edculo 3, apartado 4\u00a0<\/li><li>contenidos que est\u00e1n exentos del cumplimiento de los requisitos de accesibilidad por imponer una carga desproporcionada.\u00a0<\/li><\/ul><\/li><\/ul><p>En la Solicitud de informaci\u00f3n accesible, se debe concretar, con toda claridad, los hechos, razones y petici\u00f3n que permitan constatar que se trata de una solicitud razonable y leg\u00edtima.<\/p><p><strong>Prodecimiento de aplicaci\u00f3n<\/strong><\/p><p>Si una vez realizada una solicitud de informaci\u00f3n accesible o queja, \u00e9sta hubiera sido desestimada, no se estuviera de acuerdo con la decisi\u00f3n adoptada, o la respuesta no cumpliera los requisitos contemplados en el art\u00edculo 12.5 del RD 1112\/2018, la persona interesada podr\u00e1 iniciar una reclamaci\u00f3n. Igualmente se podr\u00e1 iniciar una reclamaci\u00f3n en el caso de no haber obtenido respuesta.<\/p><p>El procedimiento reclamaci\u00f3n recogido en el art\u00edculo 13 del RD 1112\/2018, puede iniciarse a trav\u00e9s de\u00a0<a href=\"https:\/\/sedeagpd.gob.es\/sede-electronica-web\/vistas\/formProcedimientoEntrada\/procedimientoEntradaAmpliado.jsf\">este enlace<\/a>.<\/p><p><strong>Contenido opcional<\/strong><\/p><p>El sitio web:<\/p><ul class=\"wp-block-list\"><li><strong>se ha dise\u00f1ado adapt\u00e1ndose a los est\u00e1ndares y normativas vigentes en relaci\u00f3n a la accesibilidad, cumpliendo con los puntos de verificaci\u00f3n de prioridad 2 (AA) definidos en la especificaci\u00f3n de Pautas de Accesibilidad al Contenido en la Web (WCAG 2.1)<\/strong>.\u00a0<\/li><li><strong>est\u00e1 optimizado para las \u00faltimas versiones vigentes de Chrome, Edge, Firefox, Safari y Opera<\/strong>.\u00a0<\/li><li><strong>est\u00e1 dise\u00f1ado para su correcta visualizaci\u00f3n en cualquier resoluci\u00f3n y dispositivo de escritorio, tabletas o m\u00f3viles\u00a0(dise\u00f1o <\/strong><em>responsive<\/em><strong>).<\/strong>\u00a0<\/li><li><strong>se ha realizado utilizando HTML5 como lenguaje de marcado y hojas de estilo CSS 3 para su dise\u00f1o.<\/strong>\u00a0<\/li><\/ul><p>Adem\u00e1s, se realiza un trabajo continuo de auditor\u00eda y revisi\u00f3n de contenidos para facilitar su interpretaci\u00f3n y mejorar la navegaci\u00f3n por el portal web.<\/p><p><strong>Herramienta de accesibilidad web<\/strong><\/p><p>El sitio web dispone de una <strong>herramienta de accesibilidad<\/strong> activable mediante un bot\u00f3n fijo situado en el margen izquierdo de la pantalla que permite:<\/p><ul class=\"wp-block-list\"><li><strong>Aumentar o disminuir el texto.<\/strong>\u00a0<\/li><li>Modo <strong>escala de grises<\/strong>.\u00a0<\/li><li>Modo <strong>alto contraste<\/strong>.\u00a0<\/li><li>Modo <strong>constraste negativo<\/strong>.\u00a0<\/li><li><strong>Fondo claro<\/strong>.\u00a0<\/li><li><strong>Subrayar enlaces<\/strong>.\u00a0<\/li><li>Textos en <strong>negrita<\/strong>.<\/li><\/ul>\t\t\t\t\t\t\t\t<\/div>\n\t\t\t\t<\/div>\n\t\t\t\t\t<\/div>\n\t\t\t\t<\/div>\n\t\t\t\t<\/div>\n\t\t","protected":false},"excerpt":{"rendered":"<p>ACCESIBILIDAD JAVIER MERINO S\u00c1NCHEZ, empresa gestora de la marca \u00abDecovega\u00bb se ha comprometido a hacer accesible su sitio web de conformidad con el Real Decreto 1112\/2018, de 7 de septiembre, sobre accesibilidad de los sitios web y aplicaciones para dispositivos m\u00f3viles del sector p\u00fablico, o desarrollos financiados desde Europa.La presente declaraci\u00f3n de accesibilidad se aplica [&hellip;]<\/p>\n","protected":false},"author":1,"featured_media":0,"parent":0,"menu_order":0,"comment_status":"closed","ping_status":"closed","template":"elementor_header_footer","meta":{"footnotes":""},"class_list":["post-178","page","type-page","status-publish","hentry"],"_links":{"self":[{"href":"https:\/\/mrnasesoriadeseguros.com\/index.php\/wp-json\/wp\/v2\/pages\/178","targetHints":{"allow":["GET"]}}],"collection":[{"href":"https:\/\/mrnasesoriadeseguros.com\/index.php\/wp-json\/wp\/v2\/pages"}],"about":[{"href":"https:\/\/mrnasesoriadeseguros.com\/index.php\/wp-json\/wp\/v2\/types\/page"}],"author":[{"embeddable":true,"href":"https:\/\/mrnasesoriadeseguros.com\/index.php\/wp-json\/wp\/v2\/users\/1"}],"replies":[{"embeddable":true,"href":"https:\/\/mrnasesoriadeseguros.com\/index.php\/wp-json\/wp\/v2\/comments?post=178"}],"version-history":[{"count":4,"href":"https:\/\/mrnasesoriadeseguros.com\/index.php\/wp-json\/wp\/v2\/pages\/178\/revisions"}],"predecessor-version":[{"id":183,"href":"https:\/\/mrnasesoriadeseguros.com\/index.php\/wp-json\/wp\/v2\/pages\/178\/revisions\/183"}],"wp:attachment":[{"href":"https:\/\/mrnasesoriadeseguros.com\/index.php\/wp-json\/wp\/v2\/media?parent=178"}],"curies":[{"name":"wp","href":"https:\/\/api.w.org\/{rel}","templated":true}]}}