{"id":174,"date":"2025-06-20T11:29:03","date_gmt":"2025-06-20T11:29:03","guid":{"rendered":"https:\/\/forestgreen-seal-943430.hostingersite.com\/?page_id=174"},"modified":"2025-06-20T11:56:27","modified_gmt":"2025-06-20T11:56:27","slug":"aviso-legal","status":"publish","type":"page","link":"https:\/\/mrnasesoriadeseguros.com\/index.php\/aviso-legal\/","title":{"rendered":"Aviso legal"},"content":{"rendered":"\t\t<div data-elementor-type=\"wp-page\" data-elementor-id=\"174\" class=\"elementor elementor-174\" data-elementor-settings=\"{&quot;ha_cmc_init_switcher&quot;:&quot;no&quot;}\" data-elementor-post-type=\"page\">\n\t\t\t\t<div class=\"elementor-element elementor-element-f5cd418 e-flex e-con-boxed e-con e-parent\" data-id=\"f5cd418\" data-element_type=\"container\" data-settings=\"{&quot;background_background&quot;:&quot;classic&quot;,&quot;_ha_eqh_enable&quot;:false}\">\n\t\t\t\t\t<div class=\"e-con-inner\">\n\t\t\t\t<div class=\"elementor-element elementor-element-301a2f8 elementor-widget__width-initial elementor-widget-mobile__width-inherit elementor-invisible elementor-widget elementor-widget-heading\" data-id=\"301a2f8\" data-element_type=\"widget\" data-settings=\"{&quot;_animation&quot;:&quot;fadeInUp&quot;}\" data-widget_type=\"heading.default\">\n\t\t\t\t<div class=\"elementor-widget-container\">\n\t\t\t\t\t<h2 class=\"elementor-heading-title elementor-size-default\">AVISO LEGAL<\/h2>\t\t\t\t<\/div>\n\t\t\t\t<\/div>\n\t\t\t\t<div class=\"elementor-element elementor-element-5f23183 elementor-widget__width-initial elementor-widget-mobile__width-inherit elementor-invisible elementor-widget elementor-widget-text-editor\" data-id=\"5f23183\" data-element_type=\"widget\" data-settings=\"{&quot;_animation&quot;:&quot;fadeInUp&quot;}\" data-widget_type=\"text-editor.default\">\n\t\t\t\t<div class=\"elementor-widget-container\">\n\t\t\t\t\t\t\t\t\t<p><strong>JAVIER MERINO S\u00c1NCHEZ<\/strong>, en cumplimiento del art\u00edculo 10 de la Ley 34\/2002 de Servicios de la Sociedad de la Informaci\u00f3n y Comercio Electr\u00f3nico, informa:Que es titular del dominio y del sitio web:\u00a0<a href=\"https:\/\/forestgreen-seal-943430.hostingersite.com\/\">https:\/\/forestgreen-seal-943430.hostingersite.com\/<\/a><\/p><p><strong>Que sus datos identificativos son:<\/strong><\/p><p><strong>DAVID VEGA SILLES<\/strong><br \/>N.I.F. 77448369D<br \/>URBANIZACI\u00d3N FLORIDA SUR 10, 18150, G\u00d3JAR, GRANADA<\/p><p>La utilizaci\u00f3n del sitio web otorga la condici\u00f3n de usuario e implica la plena aceptaci\u00f3n a todas las disposiciones contenidas en este Aviso Legal y en la Pol\u00edtica de Privacidad. Si el usuario no est\u00e1 de acuerdo con las condiciones aqu\u00ed establecidas deber\u00eda desestimar el acceso y la utilizaci\u00f3n del sitio web.<\/p><p>El contenido del sitio web es propiedad de <strong>JAVIER MERINO S\u00c1NCHEZ<\/strong>, y se proh\u00edbe cualquier tipo de copia o reproducci\u00f3n de todo o parte del contenido sin autorizaci\u00f3n expresa de su propietario.<\/p><p>El usuario del sitio web se compromete a hacer un uso adecuado del mismo, a no emplearlo para pr\u00e1cticas contrarias a la Ley o la buena fe y a no provocar da\u00f1os en los sistemas f\u00edsicos y l\u00f3gicos de <strong>JAVIER MERINO S\u00c1NCHEZ<\/strong>.<\/p>\t\t\t\t\t\t\t\t<\/div>\n\t\t\t\t<\/div>\n\t\t\t\t\t<\/div>\n\t\t\t\t<\/div>\n\t\t\t\t<\/div>\n\t\t","protected":false},"excerpt":{"rendered":"<p>AVISO LEGAL JAVIER MERINO S\u00c1NCHEZ, en cumplimiento del art\u00edculo 10 de la Ley 34\/2002 de Servicios de la Sociedad de la Informaci\u00f3n y Comercio Electr\u00f3nico, informa:Que es titular del dominio y del sitio web:\u00a0https:\/\/forestgreen-seal-943430.hostingersite.com\/ Que sus datos identificativos son: DAVID VEGA SILLESN.I.F. 77448369DURBANIZACI\u00d3N FLORIDA SUR 10, 18150, G\u00d3JAR, GRANADA La utilizaci\u00f3n del sitio web otorga [&hellip;]<\/p>\n","protected":false},"author":1,"featured_media":0,"parent":0,"menu_order":0,"comment_status":"closed","ping_status":"closed","template":"elementor_header_footer","meta":{"footnotes":""},"class_list":["post-174","page","type-page","status-publish","hentry"],"_links":{"self":[{"href":"https:\/\/mrnasesoriadeseguros.com\/index.php\/wp-json\/wp\/v2\/pages\/174","targetHints":{"allow":["GET"]}}],"collection":[{"href":"https:\/\/mrnasesoriadeseguros.com\/index.php\/wp-json\/wp\/v2\/pages"}],"about":[{"href":"https:\/\/mrnasesoriadeseguros.com\/index.php\/wp-json\/wp\/v2\/types\/page"}],"author":[{"embeddable":true,"href":"https:\/\/mrnasesoriadeseguros.com\/index.php\/wp-json\/wp\/v2\/users\/1"}],"replies":[{"embeddable":true,"href":"https:\/\/mrnasesoriadeseguros.com\/index.php\/wp-json\/wp\/v2\/comments?post=174"}],"version-history":[{"count":6,"href":"https:\/\/mrnasesoriadeseguros.com\/index.php\/wp-json\/wp\/v2\/pages\/174\/revisions"}],"predecessor-version":[{"id":211,"href":"https:\/\/mrnasesoriadeseguros.com\/index.php\/wp-json\/wp\/v2\/pages\/174\/revisions\/211"}],"wp:attachment":[{"href":"https:\/\/mrnasesoriadeseguros.com\/index.php\/wp-json\/wp\/v2\/media?parent=174"}],"curies":[{"name":"wp","href":"https:\/\/api.w.org\/{rel}","templated":true}]}}